{"id":1791,"date":"2020-01-09T14:52:43","date_gmt":"2020-01-09T13:52:43","guid":{"rendered":"https:\/\/www.happy-team.info\/wp\/?page_id=1791"},"modified":"2020-01-09T15:03:16","modified_gmt":"2020-01-09T14:03:16","slug":"wandern-2014-lienz-at","status":"publish","type":"page","link":"https:\/\/www.happy-team.info\/wp\/wandern-2014-lienz-at\/","title":{"rendered":"Wandern 2014, Lienz (AT)"},"content":{"rendered":"\n<p> Durch die Wanderurlaube in Defereggental kamen wir immer wieder in die Stadt Lienz.<br>Lienz  in Tirol ist der Verwaltungssitz des gleichnamigen Bezirks Lienz. Mit  11.868 Einwohnern ist Lienz die siebtgr\u00f6\u00dfte Stadt Tirols und der  wirtschaftliche, kulturelle und soziale Mittelpunkt Osttirols.<br>Ein  sehr sch\u00f6ner Stadtkern mit Cafes, Eisdielen und sch\u00f6nen H\u00e4usern und  einer sch\u00f6nen Burg. Im Sommer Wandergebiet, im Winter Ski-Gebiet. <\/p>\n\n\n\nngg_shortcode_0_placeholder\n","protected":false},"excerpt":{"rendered":"<p>Durch die Wanderurlaube in Defereggental kamen wir immer wieder in die Stadt Lienz.Lienz in Tirol ist der Verwaltungssitz des gleichnamigen Bezirks Lienz. Mit 11.868 Einwohnern ist Lienz die siebtgr\u00f6\u00dfte Stadt Tirols und der wirtschaftliche, kulturelle und soziale Mittelpunkt Osttirols.Ein sehr sch\u00f6ner Stadtkern mit Cafes, Eisdielen und sch\u00f6nen H\u00e4usern und einer sch\u00f6nen Burg. Im Sommer Wandergebiet, [&hellip;]<\/p>\n","protected":false},"author":1,"featured_media":0,"parent":0,"menu_order":0,"comment_status":"closed","ping_status":"closed","template":"","meta":{"ngg_post_thumbnail":0,"footnotes":""},"class_list":["post-1791","page","type-page","status-publish","hentry"],"_links":{"self":[{"href":"https:\/\/www.happy-team.info\/wp\/wp-json\/wp\/v2\/pages\/1791","targetHints":{"allow":["GET"]}}],"collection":[{"href":"https:\/\/www.happy-team.info\/wp\/wp-json\/wp\/v2\/pages"}],"about":[{"href":"https:\/\/www.happy-team.info\/wp\/wp-json\/wp\/v2\/types\/page"}],"author":[{"embeddable":true,"href":"https:\/\/www.happy-team.info\/wp\/wp-json\/wp\/v2\/users\/1"}],"replies":[{"embeddable":true,"href":"https:\/\/www.happy-team.info\/wp\/wp-json\/wp\/v2\/comments?post=1791"}],"version-history":[{"count":2,"href":"https:\/\/www.happy-team.info\/wp\/wp-json\/wp\/v2\/pages\/1791\/revisions"}],"predecessor-version":[{"id":1968,"href":"https:\/\/www.happy-team.info\/wp\/wp-json\/wp\/v2\/pages\/1791\/revisions\/1968"}],"wp:attachment":[{"href":"https:\/\/www.happy-team.info\/wp\/wp-json\/wp\/v2\/media?parent=1791"}],"curies":[{"name":"wp","href":"https:\/\/api.w.org\/{rel}","templated":true}]}}